{"id":106,"date":"2024-01-07T16:02:08","date_gmt":"2024-01-07T16:02:08","guid":{"rendered":"http:\/\/lebe-was-du-bist.dr-kunczik.de\/?page_id=106"},"modified":"2024-01-07T20:05:12","modified_gmt":"2024-01-07T20:05:12","slug":"essenzielle-begleitung","status":"publish","type":"page","link":"http:\/\/lebe-was-du-bist.dr-kunczik.de\/?page_id=106","title":{"rendered":"Essenzielle Begleitung"},"content":{"rendered":"\n<figure class=\"wp-block-image size-large\"><img fetchpriority=\"high\" decoding=\"async\" width=\"1024\" height=\"512\" src=\"http:\/\/lebe-was-du-bist.dr-kunczik.de\/wp-content\/uploads\/2024\/01\/balance-110850_1280-1-1-1024x512.jpg\" alt=\"\" class=\"wp-image-618\" srcset=\"http:\/\/lebe-was-du-bist.dr-kunczik.de\/wp-content\/uploads\/2024\/01\/balance-110850_1280-1-1-1024x512.jpg 1024w, http:\/\/lebe-was-du-bist.dr-kunczik.de\/wp-content\/uploads\/2024\/01\/balance-110850_1280-1-1-300x150.jpg 300w, http:\/\/lebe-was-du-bist.dr-kunczik.de\/wp-content\/uploads\/2024\/01\/balance-110850_1280-1-1-768x384.jpg 768w, http:\/\/lebe-was-du-bist.dr-kunczik.de\/wp-content\/uploads\/2024\/01\/balance-110850_1280-1-1.jpg 1280w\" sizes=\"(max-width: 767px) 89vw, (max-width: 1000px) 54vw, (max-width: 1071px) 543px, 580px\" \/><\/figure>\n\n\n\n<p><\/p>\n\n\n\n<p>Von den vielen im Laufe der Zeit erlernten Methoden hat sich das bei Gerd Bodhi Ziegler erlernte essenzielle Begleiten als das Kernst\u00fcck meiner Arbeit entwickelt, das in alle anderen Methoden mit einflie\u00dft.<\/p>\n\n\n\n<p>In einem gesch\u00fctzten, liebevollem Rahmen begleite ich dich dabei deinen Fokus nach innen zu richten und in einen tiefen Selbstkontakt zu gehen. Von dort aus kannst du auf deine aktuelle Situation schauen und sp\u00fcren, welches Erleben, welche Gef\u00fchle, K\u00f6rperempfindungen und emotionale Erinnerungen sich zeigen.<\/p>\n\n\n\n<p>Aktuelle schmerzhafte Erfahrungen triggern m\u00f6glicherweise alte Verletzungen, die zu dem Zeitpunkt, als sie erlebt wurden, nicht verarbeitet werden konnten. &nbsp;So wurden sie in deinem Energiesystem gespeichert und schneiden dich von deinem wahren Sein ab. Wenn die mit den alten Verletzungen einhergehenden Emotionen jetzt in einem gesch\u00fctzten und wertsch\u00e4tzenden Raum an die Oberfl\u00e4che kommen und willkommen gehei\u00dfen werden, kann schnell Heilung und Transformation geschehen. Der Schl\u00fcssel dazu ist: Du gibst allem, was sich zeigt, Raum &#8211; sei es Schmerz, Angst, Widerstand, Trauer, oder Wut &#8211; und du tust nichts damit, bist einfach nur damit pr\u00e4sent. Wenn alles so da sein darf, wie du es gerade erlebst, erf\u00e4hrst du die Transformation, indem du dich am Ende des Prozesses entspannter und befreiter f\u00fchlst und st\u00e4rker mit dem verbunden, was du wirklich bist. Du kannst den Raum deiner ESSENZ erfahren mit den Qualit\u00e4ten von z.B. Weite, Frieden, Freude, Liebe, Lebendigkeit oder Klarheit.<\/p>\n\n\n\n<p>Auf der Ebene von ESSENZ kannst du eine ganz neue Perspektive auf dein Leben gewinnen.<\/p>\n\n\n\n<p><strong>Eine Sitzung kann sehr unterschiedlich lange dauern und ist auch online m\u00f6glich.<\/strong><\/p>\n","protected":false},"excerpt":{"rendered":"<p>Von den vielen im Laufe der Zeit erlernten Methoden hat sich das bei Gerd Bodhi Ziegler erlernte essenzielle Begleiten als das Kernst\u00fcck meiner Arbeit entwickelt, das in alle anderen Methoden mit einflie\u00dft. In einem gesch\u00fctzten, liebevollem Rahmen begleite ich dich dabei deinen Fokus nach innen zu richten und in einen tiefen Selbstkontakt zu gehen. Von &hellip; <\/p>\n<p class=\"link-more\"><a href=\"http:\/\/lebe-was-du-bist.dr-kunczik.de\/?page_id=106\" class=\"more-link\"><span class=\"screen-reader-text\">\u201eEssenzielle Begleitung\u201c<\/span> weiterlesen<\/a><\/p>\n","protected":false},"author":1,"featured_media":0,"parent":0,"menu_order":3,"comment_status":"closed","ping_status":"closed","template":"","meta":{"footnotes":""},"_links":{"self":[{"href":"http:\/\/lebe-was-du-bist.dr-kunczik.de\/index.php?rest_route=\/wp\/v2\/pages\/106"}],"collection":[{"href":"http:\/\/lebe-was-du-bist.dr-kunczik.de\/index.php?rest_route=\/wp\/v2\/pages"}],"about":[{"href":"http:\/\/lebe-was-du-bist.dr-kunczik.de\/index.php?rest_route=\/wp\/v2\/types\/page"}],"author":[{"embeddable":true,"href":"http:\/\/lebe-was-du-bist.dr-kunczik.de\/index.php?rest_route=\/wp\/v2\/users\/1"}],"replies":[{"embeddable":true,"href":"http:\/\/lebe-was-du-bist.dr-kunczik.de\/index.php?rest_route=%2Fwp%2Fv2%2Fcomments&post=106"}],"version-history":[{"count":4,"href":"http:\/\/lebe-was-du-bist.dr-kunczik.de\/index.php?rest_route=\/wp\/v2\/pages\/106\/revisions"}],"predecessor-version":[{"id":621,"href":"http:\/\/lebe-was-du-bist.dr-kunczik.de\/index.php?rest_route=\/wp\/v2\/pages\/106\/revisions\/621"}],"wp:attachment":[{"href":"http:\/\/lebe-was-du-bist.dr-kunczik.de\/index.php?rest_route=%2Fwp%2Fv2%2Fmedia&parent=106"}],"curies":[{"name":"wp","href":"https:\/\/api.w.org\/{rel}","templated":true}]}}