{"id":145,"date":"2019-09-24T17:26:57","date_gmt":"2019-09-24T17:26:57","guid":{"rendered":"http:\/\/lebe-was-du-bist.dr-kunczik.de\/?page_id=145"},"modified":"2019-10-04T16:06:03","modified_gmt":"2019-10-04T16:06:03","slug":"reiki","status":"publish","type":"page","link":"http:\/\/lebe-was-du-bist.dr-kunczik.de\/?page_id=145","title":{"rendered":"Reiki"},"content":{"rendered":"\n<figure class=\"wp-block-image\"><img fetchpriority=\"high\" decoding=\"async\" width=\"1024\" height=\"683\" src=\"http:\/\/lebe-was-du-bist.dr-kunczik.de\/wp-content\/uploads\/2019\/09\/wellness-285590_1920-1-1024x683.jpg\" alt=\"\" class=\"wp-image-220\" srcset=\"http:\/\/lebe-was-du-bist.dr-kunczik.de\/wp-content\/uploads\/2019\/09\/wellness-285590_1920-1-1024x683.jpg 1024w, http:\/\/lebe-was-du-bist.dr-kunczik.de\/wp-content\/uploads\/2019\/09\/wellness-285590_1920-1-300x200.jpg 300w, http:\/\/lebe-was-du-bist.dr-kunczik.de\/wp-content\/uploads\/2019\/09\/wellness-285590_1920-1-768x512.jpg 768w, http:\/\/lebe-was-du-bist.dr-kunczik.de\/wp-content\/uploads\/2019\/09\/wellness-285590_1920-1.jpg 1920w\" sizes=\"(max-width: 767px) 89vw, (max-width: 1000px) 54vw, (max-width: 1071px) 543px, 580px\" \/><\/figure>\n\n\n\n<p>Reiki bedeutet universelle Lebenskraft. Bei dieser\nurspr\u00fcnglich aus Japan stammenden Form der Energie\u00fcbertragung durch die H\u00e4nde\nwird diese Lebensenergie, auch Chi genannt, \u00fcbertragen. Reiki &nbsp;wirkt sehr entspannend, l\u00f6st Energieblockaden,\nentgiftet und st\u00e4rkt die Sellbstheilungskr\u00e4fte. Dies &nbsp;kann auf k\u00f6rperlicher, seelischer oder\nspiritueller Ebene wirken.&nbsp; <\/p>\n\n\n\n<p>Bei einer Erstbehandlung zu einem konkreten Problem\nempfiehlt sich die Behandlung an drei aufeinanderfolgenden Tagen.<\/p>\n\n\n\n<p><strong>Dauer einer Reiki-Behandlung 60 Min.<\/strong><\/p>\n","protected":false},"excerpt":{"rendered":"<p>Reiki bedeutet universelle Lebenskraft. Bei dieser urspr\u00fcnglich aus Japan stammenden Form der Energie\u00fcbertragung durch die H\u00e4nde wird diese Lebensenergie, auch Chi genannt, \u00fcbertragen. Reiki &nbsp;wirkt sehr entspannend, l\u00f6st Energieblockaden, entgiftet und st\u00e4rkt die Sellbstheilungskr\u00e4fte. Dies &nbsp;kann auf k\u00f6rperlicher, seelischer oder spiritueller Ebene wirken.&nbsp; Bei einer Erstbehandlung zu einem konkreten Problem empfiehlt sich die Behandlung an &hellip; <\/p>\n<p class=\"link-more\"><a href=\"http:\/\/lebe-was-du-bist.dr-kunczik.de\/?page_id=145\" class=\"more-link\"><span class=\"screen-reader-text\">\u201eReiki\u201c<\/span> weiterlesen<\/a><\/p>\n","protected":false},"author":1,"featured_media":0,"parent":0,"menu_order":0,"comment_status":"closed","ping_status":"closed","template":"","meta":{"footnotes":""},"_links":{"self":[{"href":"http:\/\/lebe-was-du-bist.dr-kunczik.de\/index.php?rest_route=\/wp\/v2\/pages\/145"}],"collection":[{"href":"http:\/\/lebe-was-du-bist.dr-kunczik.de\/index.php?rest_route=\/wp\/v2\/pages"}],"about":[{"href":"http:\/\/lebe-was-du-bist.dr-kunczik.de\/index.php?rest_route=\/wp\/v2\/types\/page"}],"author":[{"embeddable":true,"href":"http:\/\/lebe-was-du-bist.dr-kunczik.de\/index.php?rest_route=\/wp\/v2\/users\/1"}],"replies":[{"embeddable":true,"href":"http:\/\/lebe-was-du-bist.dr-kunczik.de\/index.php?rest_route=%2Fwp%2Fv2%2Fcomments&post=145"}],"version-history":[{"count":4,"href":"http:\/\/lebe-was-du-bist.dr-kunczik.de\/index.php?rest_route=\/wp\/v2\/pages\/145\/revisions"}],"predecessor-version":[{"id":233,"href":"http:\/\/lebe-was-du-bist.dr-kunczik.de\/index.php?rest_route=\/wp\/v2\/pages\/145\/revisions\/233"}],"wp:attachment":[{"href":"http:\/\/lebe-was-du-bist.dr-kunczik.de\/index.php?rest_route=%2Fwp%2Fv2%2Fmedia&parent=145"}],"curies":[{"name":"wp","href":"https:\/\/api.w.org\/{rel}","templated":true}]}}