{"id":2,"date":"2016-05-10T03:48:21","date_gmt":"2016-05-10T03:48:21","guid":{"rendered":"http:\/\/lebe-was-du-bist.dr-kunczik.de\/?page_id=2"},"modified":"2023-04-15T12:45:07","modified_gmt":"2023-04-15T12:45:07","slug":"sample-page","status":"publish","type":"page","link":"http:\/\/lebe-was-du-bist.dr-kunczik.de\/","title":{"rendered":"Du sp\u00fcrst, dass da noch viel mehr in dir ist, das gelebt werden will?"},"content":{"rendered":"\n<p class=\"has-text-align-left has-luminous-vivid-orange-color has-text-color\">Ich begleite dich gerne ein St\u00fcck auf&nbsp; deinem Entwicklungsweg, um deine Herzensziele zu erreichen. Dabei &nbsp;lasse ich mich von dem Wissen leiten, dass alles, was zur Heilung oder L\u00f6sung n\u00f6tig ist, bereits in dir vorhanden ist. Ich bereite lediglich den Raum, in dem sich dies offenbaren kann.&nbsp; Dabei k\u00f6nnen, &nbsp;je nach Anliegen, unterschiedliche methodische Vorgehensweisen&nbsp; eingesetzt werden, die wir in einem kostenlosen Vorgespr\u00e4ch herausfinden werden. Die Begleitung kann sich auf eine einzelne Sitzung zu einem ganz konkreten Thema beschr\u00e4nken oder auch \u00fcber einen l\u00e4ngeren Zeitraum erfolgen.<\/p>\n\n\n<p style=\"text-align: center;\">&nbsp; &nbsp; &nbsp; &nbsp; &nbsp; &nbsp; &nbsp; &nbsp; &nbsp; &nbsp; &nbsp; &nbsp; &nbsp; &nbsp; &nbsp; &nbsp; &nbsp; &nbsp; &nbsp; &nbsp; &nbsp; &nbsp; &nbsp; &nbsp; &nbsp; &nbsp; &nbsp; &nbsp;&nbsp; <img decoding=\"async\" class=\"wp-image-240 aligncenter\" src=\"http:\/\/lebe-was-du-bist.dr-kunczik.de\/wp-content\/uploads\/2019\/09\/om-3322437_1280-999x1024.png\" alt=\"\" width=\"184\" height=\"188\" srcset=\"http:\/\/lebe-was-du-bist.dr-kunczik.de\/wp-content\/uploads\/2019\/09\/om-3322437_1280-999x1024.png 999w, http:\/\/lebe-was-du-bist.dr-kunczik.de\/wp-content\/uploads\/2019\/09\/om-3322437_1280-293x300.png 293w, http:\/\/lebe-was-du-bist.dr-kunczik.de\/wp-content\/uploads\/2019\/09\/om-3322437_1280-768x787.png 768w, http:\/\/lebe-was-du-bist.dr-kunczik.de\/wp-content\/uploads\/2019\/09\/om-3322437_1280.png 1249w\" sizes=\"(max-width: 184px) 100vw, 184px\" \/><\/p>\n<p><\/p>\n\n\n<p class=\"has-text-align-left has-luminous-vivid-orange-color has-text-color\"><strong>Wichtiger Hinweis<\/strong>. Meine Arbeit ist kein Ersatz f\u00fcr eventuell n\u00f6tige medizinische oder&nbsp; psychotherapeutische Behandlung. Wenn auf den folgenden Seiten von Heilung gesprochen wird, ist nicht Heilung im medizinischen Sinne gemeint. Vielmehr geht es um Transformation auf einer tieferen Ebene, um die Aufl\u00f6sung von Blockaden, die die Sicht auf unser wahres Wesen verstellen, sowie um die St\u00e4rkung der Selbstheilungskr\u00e4fte durch Aufl\u00f6sung von innerem Stress.<\/p>\n\n\n<p><\/p>\n\n\n<\/p>\n\u00a0\n<p>\n\n\n<p><\/p>\n\n\n<\/p>\n\u00a0\n<p>\n\n\n<p><\/p>\n\n\n<\/p>\n\u00a0\n<p>\n\n\n<p><\/p>\n\n\n<\/p>\n<p style=\"text-align: center;\"><a href=\"http:\/\/lebe-was-du-bist.dr-kunczik.de\/?page_id=275\">Impressum &amp; Datenschutz <\/a><\/p>\n<p>\n\n\n<p><\/p>","protected":false},"excerpt":{"rendered":"<p>Ich begleite dich gerne ein St\u00fcck auf&nbsp; deinem Entwicklungsweg, um deine Herzensziele zu erreichen. Dabei &nbsp;lasse ich mich von dem Wissen leiten, dass alles, was zur Heilung oder L\u00f6sung n\u00f6tig ist, bereits in dir vorhanden ist. Ich bereite lediglich den Raum, in dem sich dies offenbaren kann.&nbsp; Dabei k\u00f6nnen, &nbsp;je nach Anliegen, unterschiedliche methodische Vorgehensweisen&nbsp; &hellip; <\/p>\n<p class=\"link-more\"><a href=\"http:\/\/lebe-was-du-bist.dr-kunczik.de\/\" class=\"more-link\"><span class=\"screen-reader-text\">\u201eDu sp\u00fcrst, dass da noch viel mehr in dir ist, das gelebt werden will?\u201c<\/span> weiterlesen<\/a><\/p>\n","protected":false},"author":1,"featured_media":0,"parent":0,"menu_order":0,"comment_status":"closed","ping_status":"open","template":"","meta":{"footnotes":""},"_links":{"self":[{"href":"http:\/\/lebe-was-du-bist.dr-kunczik.de\/index.php?rest_route=\/wp\/v2\/pages\/2"}],"collection":[{"href":"http:\/\/lebe-was-du-bist.dr-kunczik.de\/index.php?rest_route=\/wp\/v2\/pages"}],"about":[{"href":"http:\/\/lebe-was-du-bist.dr-kunczik.de\/index.php?rest_route=\/wp\/v2\/types\/page"}],"author":[{"embeddable":true,"href":"http:\/\/lebe-was-du-bist.dr-kunczik.de\/index.php?rest_route=\/wp\/v2\/users\/1"}],"replies":[{"embeddable":true,"href":"http:\/\/lebe-was-du-bist.dr-kunczik.de\/index.php?rest_route=%2Fwp%2Fv2%2Fcomments&post=2"}],"version-history":[{"count":48,"href":"http:\/\/lebe-was-du-bist.dr-kunczik.de\/index.php?rest_route=\/wp\/v2\/pages\/2\/revisions"}],"predecessor-version":[{"id":551,"href":"http:\/\/lebe-was-du-bist.dr-kunczik.de\/index.php?rest_route=\/wp\/v2\/pages\/2\/revisions\/551"}],"wp:attachment":[{"href":"http:\/\/lebe-was-du-bist.dr-kunczik.de\/index.php?rest_route=%2Fwp%2Fv2%2Fmedia&parent=2"}],"curies":[{"name":"wp","href":"https:\/\/api.w.org\/{rel}","templated":true}]}}