{"id":556,"date":"2023-11-27T19:04:41","date_gmt":"2023-11-27T19:04:41","guid":{"rendered":"http:\/\/lebe-was-du-bist.dr-kunczik.de\/?page_id=556"},"modified":"2023-12-31T12:49:19","modified_gmt":"2023-12-31T12:49:19","slug":"tarot","status":"publish","type":"page","link":"http:\/\/lebe-was-du-bist.dr-kunczik.de\/?page_id=556","title":{"rendered":"Tarot"},"content":{"rendered":"\n<figure class=\"wp-block-image size-full is-resized\"><img fetchpriority=\"high\" decoding=\"async\" src=\"http:\/\/lebe-was-du-bist.dr-kunczik.de\/wp-content\/uploads\/2023\/12\/51361660394_0e80c966fa_c.jpg\" alt=\"\" class=\"wp-image-577\" width=\"677\" height=\"394\" srcset=\"http:\/\/lebe-was-du-bist.dr-kunczik.de\/wp-content\/uploads\/2023\/12\/51361660394_0e80c966fa_c.jpg 447w, http:\/\/lebe-was-du-bist.dr-kunczik.de\/wp-content\/uploads\/2023\/12\/51361660394_0e80c966fa_c-300x174.jpg 300w\" sizes=\"(max-width: 677px) 100vw, 677px\" \/><\/figure>\n\n\n\n<p class=\"has-medium-font-size\"><\/p>\n\n\n\n<p>Erst sp\u00e4t in meinem Leben habe ich Tarot als n\u00fctzliches &nbsp;Werkzeug der Selbstbegegnung und Selbsterkenntnis&nbsp; kennengelernt. Durch meine Ausbildung bei Gerd Bodhi Ziegler, der zahlreiche B\u00fccher \u00fcber das Crowley Tarot verfasst hat, habe ich einen Zugang zur Symbolsprache des Crowley Tarots gefunden.<\/p>\n\n\n\n<p>Meine Arbeitsweise mit Tarot hat nichts mit Wahrsagerei zu tun. Die Ausrichtung auf die innere Weisheit und F\u00fchrung steht immer am Beginn der Arbeit mit den Tarotkarten. Die Bilder der Karten, die sich dann zeigen, d.h. mit denen wir zum jeweiligen Zeitpunkt in Resonanz sind, spiegeln einen Aspekt unserer inneren Wirklichkeit wider und k\u00f6nnen, \u00e4hnlich wie Tr\u00e4ume gedeutet werden. Sie k\u00f6nnen uns als Botschaft aus unserem Unterbewusstsein helfen, neue Perspektiven und Einsichten zu einer bestimmten Situation oder einem Thema zu bringen und helfen klarere Entscheidungen zu treffen.<\/p>\n\n\n\n<p><strong>Dauer einer Tarotsitzung: Je nach Anliegen oder Fragestellung 30 &#8211; 90 Minuten<\/strong><\/p>\n","protected":false},"excerpt":{"rendered":"<p>Erst sp\u00e4t in meinem Leben habe ich Tarot als n\u00fctzliches &nbsp;Werkzeug der Selbstbegegnung und Selbsterkenntnis&nbsp; kennengelernt. Durch meine Ausbildung bei Gerd Bodhi Ziegler, der zahlreiche B\u00fccher \u00fcber das Crowley Tarot verfasst hat, habe ich einen Zugang zur Symbolsprache des Crowley Tarots gefunden. Meine Arbeitsweise mit Tarot hat nichts mit Wahrsagerei zu tun. Die Ausrichtung auf &hellip; <\/p>\n<p class=\"link-more\"><a href=\"http:\/\/lebe-was-du-bist.dr-kunczik.de\/?page_id=556\" class=\"more-link\"><span class=\"screen-reader-text\">\u201eTarot\u201c<\/span> weiterlesen<\/a><\/p>\n","protected":false},"author":1,"featured_media":0,"parent":0,"menu_order":0,"comment_status":"closed","ping_status":"closed","template":"","meta":{"footnotes":""},"_links":{"self":[{"href":"http:\/\/lebe-was-du-bist.dr-kunczik.de\/index.php?rest_route=\/wp\/v2\/pages\/556"}],"collection":[{"href":"http:\/\/lebe-was-du-bist.dr-kunczik.de\/index.php?rest_route=\/wp\/v2\/pages"}],"about":[{"href":"http:\/\/lebe-was-du-bist.dr-kunczik.de\/index.php?rest_route=\/wp\/v2\/types\/page"}],"author":[{"embeddable":true,"href":"http:\/\/lebe-was-du-bist.dr-kunczik.de\/index.php?rest_route=\/wp\/v2\/users\/1"}],"replies":[{"embeddable":true,"href":"http:\/\/lebe-was-du-bist.dr-kunczik.de\/index.php?rest_route=%2Fwp%2Fv2%2Fcomments&post=556"}],"version-history":[{"count":8,"href":"http:\/\/lebe-was-du-bist.dr-kunczik.de\/index.php?rest_route=\/wp\/v2\/pages\/556\/revisions"}],"predecessor-version":[{"id":578,"href":"http:\/\/lebe-was-du-bist.dr-kunczik.de\/index.php?rest_route=\/wp\/v2\/pages\/556\/revisions\/578"}],"wp:attachment":[{"href":"http:\/\/lebe-was-du-bist.dr-kunczik.de\/index.php?rest_route=%2Fwp%2Fv2%2Fmedia&parent=556"}],"curies":[{"name":"wp","href":"https:\/\/api.w.org\/{rel}","templated":true}]}}