{"id":97,"date":"2019-09-24T17:25:15","date_gmt":"2019-09-24T17:25:15","guid":{"rendered":"http:\/\/lebe-was-du-bist.dr-kunczik.de\/?page_id=97"},"modified":"2021-02-12T08:37:38","modified_gmt":"2021-02-12T08:37:38","slug":"rueckfuehrungen-2","status":"publish","type":"page","link":"http:\/\/lebe-was-du-bist.dr-kunczik.de\/?page_id=97","title":{"rendered":"R\u00fcckf\u00fchrungen"},"content":{"rendered":"\n<figure class=\"wp-block-image\"><img fetchpriority=\"high\" decoding=\"async\" width=\"1024\" height=\"588\" src=\"http:\/\/lebe-was-du-bist.dr-kunczik.de\/wp-content\/uploads\/2019\/09\/CIMG0345-1024x588.jpg\" alt=\"\" class=\"wp-image-86\" srcset=\"http:\/\/lebe-was-du-bist.dr-kunczik.de\/wp-content\/uploads\/2019\/09\/CIMG0345-1024x588.jpg 1024w, http:\/\/lebe-was-du-bist.dr-kunczik.de\/wp-content\/uploads\/2019\/09\/CIMG0345-300x172.jpg 300w, http:\/\/lebe-was-du-bist.dr-kunczik.de\/wp-content\/uploads\/2019\/09\/CIMG0345-768x441.jpg 768w, http:\/\/lebe-was-du-bist.dr-kunczik.de\/wp-content\/uploads\/2019\/09\/CIMG0345-720x414.jpg 720w\" sizes=\"(max-width: 767px) 89vw, (max-width: 1000px) 54vw, (max-width: 1071px) 543px, 580px\" \/><\/figure>\n\n\n\n<p>Durch einen tiefen Entspannungsprozess wirst du in ein \u201efr\u00fcheres Leben\u201c gef\u00fchrt, wodurch alte, aus jenem Leben mitgebrachte Blockaden und Verhaltensmuster, die sich auf das heutige Leben auswirken, aufgesp\u00fcrt und gel\u00f6st werden k\u00f6nnen. Eine R\u00fcckf\u00fchrung l\u00e4sst den tieferen Sinn\u00a0 von Erlebnissen von einer h\u00f6heren Bewusstseinswarte aus verstehen, wodurch\u00a0 Vergebung und Auss\u00f6hnung\u00a0 erleichtert werden. Es ist auch m\u00f6glich ein vergangenes Leben als Ressource zu nutzen, indem wir uns mit \u00a0besonderen Qualit\u00e4ten und Talenten aus diesem Leben wieder verbinden.<\/p>\n\n\n\n<p>\u00dcbrigens ist es nicht einmal n\u00f6tig an Reinkarnation zu\nglauben, um&nbsp; Nutzen aus einer R\u00fcckf\u00fchrung\nziehen zu k\u00f6nnen. Die&nbsp; auftauchenden\nBilder und Informationen k\u00f6nnen auch als symbolische Bilder betrachtet werden,\ndie unser Unterbewusstsein liefert, um&nbsp;\nunbewusste Muster und Glaubenss\u00e4tze bewusst zu machen, &nbsp;\u00e4hnlich, wie wir mit den Bildern unserer\nTr\u00e4ume arbeiten k\u00f6nnen. <\/p>\n\n\n\n<p>Es geht bei der R\u00fcckf\u00fchrungsarbeit nicht darum zu der\npers\u00f6nlichen Geschichte dieses Lebens noch weitere Geschichten hinzuf\u00fcgen, mit\ndenen wir uns identifizieren, sondern darum, Erfahrungen und Entscheidungen von\nder Seelenebne aus zu betrachten mit dem Ziel, aus dem pers\u00f6nlichen Drama\naussteigen zu k\u00f6nnen.<\/p>\n\n\n\n<p><strong>Die Dauer einer R\u00fcckf\u00fchrung ist sehr unterschiedlich, ca. 45 -90 Min.  <\/strong><\/p>\n","protected":false},"excerpt":{"rendered":"<p>Durch einen tiefen Entspannungsprozess wirst du in ein \u201efr\u00fcheres Leben\u201c gef\u00fchrt, wodurch alte, aus jenem Leben mitgebrachte Blockaden und Verhaltensmuster, die sich auf das heutige Leben auswirken, aufgesp\u00fcrt und gel\u00f6st werden k\u00f6nnen. Eine R\u00fcckf\u00fchrung l\u00e4sst den tieferen Sinn\u00a0 von Erlebnissen von einer h\u00f6heren Bewusstseinswarte aus verstehen, wodurch\u00a0 Vergebung und Auss\u00f6hnung\u00a0 erleichtert werden. Es ist auch &hellip; <\/p>\n<p class=\"link-more\"><a href=\"http:\/\/lebe-was-du-bist.dr-kunczik.de\/?page_id=97\" class=\"more-link\"><span class=\"screen-reader-text\">\u201eR\u00fcckf\u00fchrungen\u201c<\/span> weiterlesen<\/a><\/p>\n","protected":false},"author":1,"featured_media":0,"parent":0,"menu_order":0,"comment_status":"closed","ping_status":"closed","template":"","meta":{"footnotes":""},"_links":{"self":[{"href":"http:\/\/lebe-was-du-bist.dr-kunczik.de\/index.php?rest_route=\/wp\/v2\/pages\/97"}],"collection":[{"href":"http:\/\/lebe-was-du-bist.dr-kunczik.de\/index.php?rest_route=\/wp\/v2\/pages"}],"about":[{"href":"http:\/\/lebe-was-du-bist.dr-kunczik.de\/index.php?rest_route=\/wp\/v2\/types\/page"}],"author":[{"embeddable":true,"href":"http:\/\/lebe-was-du-bist.dr-kunczik.de\/index.php?rest_route=\/wp\/v2\/users\/1"}],"replies":[{"embeddable":true,"href":"http:\/\/lebe-was-du-bist.dr-kunczik.de\/index.php?rest_route=%2Fwp%2Fv2%2Fcomments&post=97"}],"version-history":[{"count":3,"href":"http:\/\/lebe-was-du-bist.dr-kunczik.de\/index.php?rest_route=\/wp\/v2\/pages\/97\/revisions"}],"predecessor-version":[{"id":517,"href":"http:\/\/lebe-was-du-bist.dr-kunczik.de\/index.php?rest_route=\/wp\/v2\/pages\/97\/revisions\/517"}],"wp:attachment":[{"href":"http:\/\/lebe-was-du-bist.dr-kunczik.de\/index.php?rest_route=%2Fwp%2Fv2%2Fmedia&parent=97"}],"curies":[{"name":"wp","href":"https:\/\/api.w.org\/{rel}","templated":true}]}}