{"id":99,"date":"2019-09-25T20:20:35","date_gmt":"2019-09-25T20:20:35","guid":{"rendered":"http:\/\/lebe-was-du-bist.dr-kunczik.de\/?page_id=99"},"modified":"2019-10-04T16:06:03","modified_gmt":"2019-10-04T16:06:03","slug":"clearing","status":"publish","type":"page","link":"http:\/\/lebe-was-du-bist.dr-kunczik.de\/?page_id=99","title":{"rendered":"Clearing"},"content":{"rendered":"\n<figure class=\"wp-block-image\"><img fetchpriority=\"high\" decoding=\"async\" width=\"1024\" height=\"768\" src=\"http:\/\/lebe-was-du-bist.dr-kunczik.de\/wp-content\/uploads\/2019\/09\/CIMG0405-1024x768.jpg\" alt=\"\" class=\"wp-image-221\" srcset=\"http:\/\/lebe-was-du-bist.dr-kunczik.de\/wp-content\/uploads\/2019\/09\/CIMG0405-1024x768.jpg 1024w, http:\/\/lebe-was-du-bist.dr-kunczik.de\/wp-content\/uploads\/2019\/09\/CIMG0405-300x225.jpg 300w, http:\/\/lebe-was-du-bist.dr-kunczik.de\/wp-content\/uploads\/2019\/09\/CIMG0405-768x576.jpg 768w\" sizes=\"(max-width: 767px) 89vw, (max-width: 1000px) 54vw, (max-width: 1071px) 543px, 580px\" \/><\/figure>\n\n\n\n<p>Ein\nClearing (Kl\u00e4rung, Befreiung) dient dazu, Fremdenergien aus dem Energiefeld\neines Menschen oder auch einer R\u00e4umlichkeit&nbsp;\nzu l\u00f6sen. Fremdenergien sind nichts Ungew\u00f6hnliches.&nbsp; Manchmal sind es erdgebundene Schwingungen\nvon Verstorbenen, &nbsp;die nach dem Tod ihres\nK\u00f6rpers die physische Welt nicht vollst\u00e4ndig loslassen k\u00f6nnen. Manchmal sind es\nauch Energien von noch lebenden Menschen, zu denen wir eine ungesunde\nsymbiotische Beziehung haben. &nbsp;Wenn wir\nin unserem Energiefeld &nbsp;eine Fremdenergie\nhaben, vermischt sich das eigene Bewusstsein mit dem der fremden Energie. Dies\nst\u00f6rt sowohl unsere eigene Seelenentwicklung als auch die Entwicklung der\nSeele&nbsp; des anderen Wesens. &nbsp;Ein Clearing verhilft dazu unsere eigene\nEnergie wieder frei flie\u00dfen zu lassen und ganz wir selbst zu sein.<\/p>\n\n\n\n<p><strong>Die Dauer eines Clearings ist sehr unterschiedlich, ca. 45-90 Min. <\/strong><\/p>\n","protected":false},"excerpt":{"rendered":"<p>Ein Clearing (Kl\u00e4rung, Befreiung) dient dazu, Fremdenergien aus dem Energiefeld eines Menschen oder auch einer R\u00e4umlichkeit&nbsp; zu l\u00f6sen. Fremdenergien sind nichts Ungew\u00f6hnliches.&nbsp; Manchmal sind es erdgebundene Schwingungen von Verstorbenen, &nbsp;die nach dem Tod ihres K\u00f6rpers die physische Welt nicht vollst\u00e4ndig loslassen k\u00f6nnen. Manchmal sind es auch Energien von noch lebenden Menschen, zu denen wir eine &hellip; <\/p>\n<p class=\"link-more\"><a href=\"http:\/\/lebe-was-du-bist.dr-kunczik.de\/?page_id=99\" class=\"more-link\"><span class=\"screen-reader-text\">\u201eClearing\u201c<\/span> weiterlesen<\/a><\/p>\n","protected":false},"author":1,"featured_media":0,"parent":0,"menu_order":0,"comment_status":"closed","ping_status":"closed","template":"","meta":{"footnotes":""},"_links":{"self":[{"href":"http:\/\/lebe-was-du-bist.dr-kunczik.de\/index.php?rest_route=\/wp\/v2\/pages\/99"}],"collection":[{"href":"http:\/\/lebe-was-du-bist.dr-kunczik.de\/index.php?rest_route=\/wp\/v2\/pages"}],"about":[{"href":"http:\/\/lebe-was-du-bist.dr-kunczik.de\/index.php?rest_route=\/wp\/v2\/types\/page"}],"author":[{"embeddable":true,"href":"http:\/\/lebe-was-du-bist.dr-kunczik.de\/index.php?rest_route=\/wp\/v2\/users\/1"}],"replies":[{"embeddable":true,"href":"http:\/\/lebe-was-du-bist.dr-kunczik.de\/index.php?rest_route=%2Fwp%2Fv2%2Fcomments&post=99"}],"version-history":[{"count":9,"href":"http:\/\/lebe-was-du-bist.dr-kunczik.de\/index.php?rest_route=\/wp\/v2\/pages\/99\/revisions"}],"predecessor-version":[{"id":270,"href":"http:\/\/lebe-was-du-bist.dr-kunczik.de\/index.php?rest_route=\/wp\/v2\/pages\/99\/revisions\/270"}],"wp:attachment":[{"href":"http:\/\/lebe-was-du-bist.dr-kunczik.de\/index.php?rest_route=%2Fwp%2Fv2%2Fmedia&parent=99"}],"curies":[{"name":"wp","href":"https:\/\/api.w.org\/{rel}","templated":true}]}}